{"id":737,"date":"2017-01-02T08:36:21","date_gmt":"2017-01-02T08:36:21","guid":{"rendered":"https:\/\/demo.themegrill.com\/flash-default-2\/?page_id=17"},"modified":"2023-02-28T19:37:42","modified_gmt":"2023-02-28T19:37:42","slug":"hakkimizda","status":"publish","type":"page","link":"https:\/\/www.modamatbaa.com\/index.php\/hakkimizda\/","title":{"rendered":"Hakk\u0131m\u0131zda"},"content":{"rendered":"\t\t<div data-elementor-type=\"wp-page\" data-elementor-id=\"737\" class=\"elementor elementor-737\">\n\t\t\t\t\t\t\t\t\t<section class=\"elementor-section elementor-top-section elementor-element elementor-element-10ae6be elementor-section-boxed elementor-section-height-default elementor-section-height-default\" data-id=\"10ae6be\" data-element_type=\"section\">\n\t\t\t\t\t\t<div class=\"elementor-container elementor-column-gap-default\">\n\t\t\t\t\t<div class=\"elementor-column elementor-col-100 elementor-top-column elementor-element elementor-element-64a9e1a\" data-id=\"64a9e1a\" data-element_type=\"column\">\n\t\t\t<div class=\"elementor-widget-wrap elementor-element-populated\">\n\t\t\t\t\t\t\t\t<div class=\"elementor-element elementor-element-5c1f434 elementor-widget elementor-widget-heading\" data-id=\"5c1f434\" data-element_type=\"widget\" data-widget_type=\"heading.default\">\n\t\t\t\t<div class=\"elementor-widget-container\">\n\t\t\t<style>\/*! elementor - v3.11.2 - 22-02-2023 *\/\n.elementor-heading-title{padding:0;margin:0;line-height:1}.elementor-widget-heading .elementor-heading-title[class*=elementor-size-]>a{color:inherit;font-size:inherit;line-height:inherit}.elementor-widget-heading .elementor-heading-title.elementor-size-small{font-size:15px}.elementor-widget-heading .elementor-heading-title.elementor-size-medium{font-size:19px}.elementor-widget-heading .elementor-heading-title.elementor-size-large{font-size:29px}.elementor-widget-heading .elementor-heading-title.elementor-size-xl{font-size:39px}.elementor-widget-heading .elementor-heading-title.elementor-size-xxl{font-size:59px}<\/style><h2 class=\"elementor-heading-title elementor-size-default\">Hakk\u0131m\u0131zda<\/h2>\t\t<\/div>\n\t\t\t\t<\/div>\n\t\t\t\t<div class=\"elementor-element elementor-element-4b5309e elementor-widget elementor-widget-text-editor\" data-id=\"4b5309e\" data-element_type=\"widget\" data-widget_type=\"text-editor.default\">\n\t\t\t\t<div class=\"elementor-widget-container\">\n\t\t\t<style>\/*! elementor - v3.11.2 - 22-02-2023 *\/\n.elementor-widget-text-editor.elementor-drop-cap-view-stacked .elementor-drop-cap{background-color:#818a91;color:#fff}.elementor-widget-text-editor.elementor-drop-cap-view-framed .elementor-drop-cap{color:#818a91;border:3px solid;background-color:transparent}.elementor-widget-text-editor:not(.elementor-drop-cap-view-default) .elementor-drop-cap{margin-top:8px}.elementor-widget-text-editor:not(.elementor-drop-cap-view-default) .elementor-drop-cap-letter{width:1em;height:1em}.elementor-widget-text-editor .elementor-drop-cap{float:left;text-align:center;line-height:1;font-size:50px}.elementor-widget-text-editor .elementor-drop-cap-letter{display:inline-block}<\/style>\t\t\t\t<p style=\"margin-bottom: 10px; color: #555555; font-family: Roboto, sans-serif; font-size: 16px; font-style: normal; font-weight: 300;\"><span style=\"font-size: 11px;\">\u00a0<span style=\"font-size: 14px;\">Fikrin ka\u011f\u0131da d\u00f6k\u00fcld\u00fc\u011f\u00fc yerdeyiz.<\/span><\/span><\/p><p style=\"margin-bottom: 10px; color: #555555; font-family: Roboto, sans-serif; font-size: 16px; font-style: normal; font-weight: 300;\"><span style=\"font-size: 11px;\"><span style=\"font-size: 14px;\">\u00a0 Biz, d\u00fc\u015f\u00fcn\u00fcleni \u00fcretebilme \u00e7abas\u0131 ile\u00a0; her seferinde sizi \u00e7ok iyi dinleyerek i\u015fe ba\u015fl\u0131yoruz.<\/span><\/span><span style=\"font-size: 14px;\">Var oldu\u011fu her alanda sizi\u00a0temsil edecek \u00fcr\u00fcnleri , do\u011fru renk ve kaliteli malzeme ile estetik perspektifini kaybetmeden \u00fcretiyoruz.2001 y\u0131l\u0131ndan g\u00fcn\u00fcm\u00fcze,kalite anlay\u0131\u015f\u0131m\u0131z\u0131\u00a0tecr\u00fcbe\u00a0ile birle\u015ftirerek m\u00fc\u015fterilerimizin bas\u0131l\u0131 ihtiya\u00e7lar\u0131na\u00a0en do\u011fru \u00e7\u00f6z\u00fcmleri sunuyoruz.<\/span><\/p><p style=\"margin-bottom: 10px; color: #555555; font-family: Roboto, sans-serif; font-size: 16px; font-style: normal; font-weight: 300;\"><span style=\"font-size: 14px;\">\u00a0 \u00a0Sekt\u00f6r\u00fcn \u00e7izgi\u00a0\u00fcst\u00fc i\u015flerine odaklanan firmam\u0131z,de\u011fi\u015fen piyasa ve teknoloji ko\u015fullar\u0131na uyum sa\u011flayarak \u00e7al\u0131\u015fmalar\u0131na devam edecektir.<\/span><\/p>\t\t\t\t\t\t<\/div>\n\t\t\t\t<\/div>\n\t\t\t\t<div class=\"elementor-element elementor-element-344baa8 elementor-widget elementor-widget-video\" data-id=\"344baa8\" data-element_type=\"widget\" data-settings=\"{&quot;youtube_url&quot;:&quot;https:\\\/\\\/youtu.be\\\/AXfZZL3xXf0&quot;,&quot;video_type&quot;:&quot;youtube&quot;,&quot;controls&quot;:&quot;yes&quot;}\" data-widget_type=\"video.default\">\n\t\t\t\t<div class=\"elementor-widget-container\">\n\t\t\t<style>\/*! elementor - v3.11.2 - 22-02-2023 *\/\n.elementor-widget-video .elementor-widget-container{overflow:hidden;transform:translateZ(0)}.elementor-widget-video .elementor-wrapper iframe,.elementor-widget-video .elementor-wrapper video{height:100%;width:100%;border:none;background-color:#000}.elementor-widget-video .elementor-open-inline .elementor-custom-embed-image-overlay{position:absolute;top:0;left:0;width:100%;height:100%;background-size:cover;background-position:50%}.elementor-widget-video .elementor-custom-embed-image-overlay{cursor:pointer;text-align:center}.elementor-widget-video .elementor-custom-embed-image-overlay:hover .elementor-custom-embed-play i{opacity:1}.elementor-widget-video .elementor-custom-embed-image-overlay img{display:block;width:100%}.elementor-widget-video .e-hosted-video .elementor-video{-o-object-fit:cover;object-fit:cover}.e-con-inner>.elementor-widget-video,.e-con>.elementor-widget-video{width:var(--container-widget-width);--flex-grow:var(--container-widget-flex-grow)}<\/style>\t\t<div class=\"elementor-wrapper elementor-open-inline\">\n\t\t\t<div class=\"elementor-video\"><\/div>\t\t<\/div>\n\t\t\t\t<\/div>\n\t\t\t\t<\/div>\n\t\t\t\t\t<\/div>\n\t\t<\/div>\n\t\t\t\t\t\t\t<\/div>\n\t\t<\/section>\n\t\t\t\t\t\t\t<\/div>\n\t\t","protected":false},"excerpt":{"rendered":"<p>Hakk\u0131m\u0131zda \u00a0Fikrin ka\u011f\u0131da d\u00f6k\u00fcld\u00fc\u011f\u00fc yerdeyiz. \u00a0 Biz, d\u00fc\u015f\u00fcn\u00fcleni \u00fcretebilme \u00e7abas\u0131 ile\u00a0; her seferinde sizi \u00e7ok iyi dinleyerek i\u015fe ba\u015fl\u0131yoruz.Var oldu\u011fu [&hellip;]<\/p>\n","protected":false},"author":1,"featured_media":0,"parent":0,"menu_order":0,"comment_status":"closed","ping_status":"closed","template":"","meta":[],"yoast_head":"<!-- This site is optimized with the Yoast SEO plugin v20.1 - https:\/\/yoast.com\/wordpress\/plugins\/seo\/ -->\n<title>Hakk\u0131m\u0131zda - Moda Matbaa<\/title>\n<meta name=\"robots\" content=\"index, follow, max-snippet:-1, max-image-preview:large, max-video-preview:-1\" \/>\n<link rel=\"canonical\" href=\"http:\/\/www.modamatbaa.com\/index.php\/hakkimizda\/\" \/>\n<meta property=\"og:locale\" content=\"tr_TR\" \/>\n<meta property=\"og:type\" content=\"article\" \/>\n<meta property=\"og:title\" content=\"Hakk\u0131m\u0131zda - Moda Matbaa\" \/>\n<meta property=\"og:description\" content=\"Hakk\u0131m\u0131zda \u00a0Fikrin ka\u011f\u0131da d\u00f6k\u00fcld\u00fc\u011f\u00fc yerdeyiz. \u00a0 Biz, d\u00fc\u015f\u00fcn\u00fcleni \u00fcretebilme \u00e7abas\u0131 ile\u00a0; her seferinde sizi \u00e7ok iyi dinleyerek i\u015fe ba\u015fl\u0131yoruz.Var oldu\u011fu [&hellip;]\" \/>\n<meta property=\"og:url\" content=\"http:\/\/www.modamatbaa.com\/index.php\/hakkimizda\/\" \/>\n<meta property=\"og:site_name\" content=\"Moda Matbaa\" \/>\n<meta property=\"article:modified_time\" content=\"2023-02-28T19:37:42+00:00\" \/>\n<meta name=\"twitter:card\" content=\"summary_large_image\" \/>\n<meta name=\"twitter:label1\" content=\"Tahmini okuma s\u00fcresi\" \/>\n\t<meta name=\"twitter:data1\" content=\"1 dakika\" \/>\n<script type=\"application\/ld+json\" class=\"yoast-schema-graph\">{\"@context\":\"https:\/\/schema.org\",\"@graph\":[{\"@type\":\"WebPage\",\"@id\":\"http:\/\/www.modamatbaa.com\/index.php\/hakkimizda\/\",\"url\":\"http:\/\/www.modamatbaa.com\/index.php\/hakkimizda\/\",\"name\":\"Hakk\u0131m\u0131zda - Moda Matbaa\",\"isPartOf\":{\"@id\":\"https:\/\/www.modamatbaa.com\/#website\"},\"datePublished\":\"2017-01-02T08:36:21+00:00\",\"dateModified\":\"2023-02-28T19:37:42+00:00\",\"breadcrumb\":{\"@id\":\"http:\/\/www.modamatbaa.com\/index.php\/hakkimizda\/#breadcrumb\"},\"inLanguage\":\"tr\",\"potentialAction\":[{\"@type\":\"ReadAction\",\"target\":[\"http:\/\/www.modamatbaa.com\/index.php\/hakkimizda\/\"]}]},{\"@type\":\"BreadcrumbList\",\"@id\":\"http:\/\/www.modamatbaa.com\/index.php\/hakkimizda\/#breadcrumb\",\"itemListElement\":[{\"@type\":\"ListItem\",\"position\":1,\"name\":\"Anasayfa\",\"item\":\"https:\/\/www.modamatbaa.com\/\"},{\"@type\":\"ListItem\",\"position\":2,\"name\":\"Hakk\u0131m\u0131zda\"}]},{\"@type\":\"WebSite\",\"@id\":\"https:\/\/www.modamatbaa.com\/#website\",\"url\":\"https:\/\/www.modamatbaa.com\/\",\"name\":\"Moda Matbaa\",\"description\":\"Ambalaj &Uuml;retim Merkezi\",\"publisher\":{\"@id\":\"https:\/\/www.modamatbaa.com\/#organization\"},\"potentialAction\":[{\"@type\":\"SearchAction\",\"target\":{\"@type\":\"EntryPoint\",\"urlTemplate\":\"https:\/\/www.modamatbaa.com\/?s={search_term_string}\"},\"query-input\":\"required name=search_term_string\"}],\"inLanguage\":\"tr\"},{\"@type\":\"Organization\",\"@id\":\"https:\/\/www.modamatbaa.com\/#organization\",\"name\":\"Moda Matbaa\",\"url\":\"https:\/\/www.modamatbaa.com\/\",\"logo\":{\"@type\":\"ImageObject\",\"inLanguage\":\"tr\",\"@id\":\"https:\/\/www.modamatbaa.com\/#\/schema\/logo\/image\/\",\"url\":\"https:\/\/www.modamatbaa.com\/wp-content\/uploads\/2023\/02\/Logo.png\",\"contentUrl\":\"https:\/\/www.modamatbaa.com\/wp-content\/uploads\/2023\/02\/Logo.png\",\"width\":250,\"height\":100,\"caption\":\"Moda Matbaa\"},\"image\":{\"@id\":\"https:\/\/www.modamatbaa.com\/#\/schema\/logo\/image\/\"}}]}<\/script>\n<!-- \/ Yoast SEO plugin. -->","yoast_head_json":{"title":"Hakk\u0131m\u0131zda - Moda Matbaa","robots":{"index":"index","follow":"follow","max-snippet":"max-snippet:-1","max-image-preview":"max-image-preview:large","max-video-preview":"max-video-preview:-1"},"canonical":"http:\/\/www.modamatbaa.com\/index.php\/hakkimizda\/","og_locale":"tr_TR","og_type":"article","og_title":"Hakk\u0131m\u0131zda - Moda Matbaa","og_description":"Hakk\u0131m\u0131zda \u00a0Fikrin ka\u011f\u0131da d\u00f6k\u00fcld\u00fc\u011f\u00fc yerdeyiz. \u00a0 Biz, d\u00fc\u015f\u00fcn\u00fcleni \u00fcretebilme \u00e7abas\u0131 ile\u00a0; her seferinde sizi \u00e7ok iyi dinleyerek i\u015fe ba\u015fl\u0131yoruz.Var oldu\u011fu [&hellip;]","og_url":"http:\/\/www.modamatbaa.com\/index.php\/hakkimizda\/","og_site_name":"Moda Matbaa","article_modified_time":"2023-02-28T19:37:42+00:00","twitter_card":"summary_large_image","twitter_misc":{"Tahmini okuma s\u00fcresi":"1 dakika"},"schema":{"@context":"https:\/\/schema.org","@graph":[{"@type":"WebPage","@id":"http:\/\/www.modamatbaa.com\/index.php\/hakkimizda\/","url":"http:\/\/www.modamatbaa.com\/index.php\/hakkimizda\/","name":"Hakk\u0131m\u0131zda - Moda Matbaa","isPartOf":{"@id":"https:\/\/www.modamatbaa.com\/#website"},"datePublished":"2017-01-02T08:36:21+00:00","dateModified":"2023-02-28T19:37:42+00:00","breadcrumb":{"@id":"http:\/\/www.modamatbaa.com\/index.php\/hakkimizda\/#breadcrumb"},"inLanguage":"tr","potentialAction":[{"@type":"ReadAction","target":["http:\/\/www.modamatbaa.com\/index.php\/hakkimizda\/"]}]},{"@type":"BreadcrumbList","@id":"http:\/\/www.modamatbaa.com\/index.php\/hakkimizda\/#breadcrumb","itemListElement":[{"@type":"ListItem","position":1,"name":"Anasayfa","item":"https:\/\/www.modamatbaa.com\/"},{"@type":"ListItem","position":2,"name":"Hakk\u0131m\u0131zda"}]},{"@type":"WebSite","@id":"https:\/\/www.modamatbaa.com\/#website","url":"https:\/\/www.modamatbaa.com\/","name":"Moda Matbaa","description":"Ambalaj &Uuml;retim Merkezi","publisher":{"@id":"https:\/\/www.modamatbaa.com\/#organization"},"potentialAction":[{"@type":"SearchAction","target":{"@type":"EntryPoint","urlTemplate":"https:\/\/www.modamatbaa.com\/?s={search_term_string}"},"query-input":"required name=search_term_string"}],"inLanguage":"tr"},{"@type":"Organization","@id":"https:\/\/www.modamatbaa.com\/#organization","name":"Moda Matbaa","url":"https:\/\/www.modamatbaa.com\/","logo":{"@type":"ImageObject","inLanguage":"tr","@id":"https:\/\/www.modamatbaa.com\/#\/schema\/logo\/image\/","url":"https:\/\/www.modamatbaa.com\/wp-content\/uploads\/2023\/02\/Logo.png","contentUrl":"https:\/\/www.modamatbaa.com\/wp-content\/uploads\/2023\/02\/Logo.png","width":250,"height":100,"caption":"Moda Matbaa"},"image":{"@id":"https:\/\/www.modamatbaa.com\/#\/schema\/logo\/image\/"}}]}},"_links":{"self":[{"href":"https:\/\/www.modamatbaa.com\/index.php\/wp-json\/wp\/v2\/pages\/737"}],"collection":[{"href":"https:\/\/www.modamatbaa.com\/index.php\/wp-json\/wp\/v2\/pages"}],"about":[{"href":"https:\/\/www.modamatbaa.com\/index.php\/wp-json\/wp\/v2\/types\/page"}],"author":[{"embeddable":true,"href":"https:\/\/www.modamatbaa.com\/index.php\/wp-json\/wp\/v2\/users\/1"}],"replies":[{"embeddable":true,"href":"https:\/\/www.modamatbaa.com\/index.php\/wp-json\/wp\/v2\/comments?post=737"}],"version-history":[{"count":13,"href":"https:\/\/www.modamatbaa.com\/index.php\/wp-json\/wp\/v2\/pages\/737\/revisions"}],"predecessor-version":[{"id":927,"href":"https:\/\/www.modamatbaa.com\/index.php\/wp-json\/wp\/v2\/pages\/737\/revisions\/927"}],"wp:attachment":[{"href":"https:\/\/www.modamatbaa.com\/index.php\/wp-json\/wp\/v2\/media?parent=737"}],"curies":[{"name":"wp","href":"https:\/\/api.w.org\/{rel}","templated":true}]}}