{"id":736,"date":"2017-01-02T08:30:09","date_gmt":"2017-01-02T08:30:09","guid":{"rendered":"https:\/\/demo.themegrill.com\/flash-default-2\/?page_id=12"},"modified":"2023-02-26T21:43:53","modified_gmt":"2023-02-26T21:43:53","slug":"contact","status":"publish","type":"page","link":"http:\/\/www.modamatbaa.com\/index.php\/contact\/","title":{"rendered":"Fiyat AL"},"content":{"rendered":"<div class=\"frm_forms  with_frm_style frm_style_formidable-style\" id=\"frm_form_1_container\" >\n<form enctype=\"multipart\/form-data\" method=\"post\" class=\"frm-show-form  frm_pro_form \" id=\"form_contact-form\"  >\n<div class=\"frm_form_fields \">\n<fieldset>\n<legend class=\"frm_screen_reader\">Contact Us<\/legend>\r\n\r\n<div class=\"frm_fields_container\">\n<input type=\"hidden\" name=\"frm_action\" value=\"create\" \/>\n<input type=\"hidden\" name=\"form_id\" value=\"1\" \/>\n<input type=\"hidden\" name=\"frm_hide_fields_1\" id=\"frm_hide_fields_1\" value=\"\" \/>\n<input type=\"hidden\" name=\"form_key\" value=\"contact-form\" \/>\n<input type=\"hidden\" name=\"item_meta[0]\" value=\"\" \/>\n<input type=\"hidden\" id=\"frm_submit_entry_1\" name=\"frm_submit_entry_1\" value=\"acba9b3c1b\" \/><input type=\"hidden\" name=\"_wp_http_referer\" value=\"\/index.php\/wp-json\/wp\/v2\/pages\/736\" \/><div id=\"frm_field_7_container\" class=\"frm_form_field form-field  frm_top_container frm6 frm_first vertical_radio\">\r\n    <div  id=\"field_uojru_label\" class=\"frm_primary_label\">Kutu\r\n        <span class=\"frm_required\" aria-hidden=\"true\"><\/span>\r\n    <\/div>\r\n    <div class=\"frm_opt_container\" aria-labelledby=\"field_uojru_label\" role=\"group\">\t\t<div class=\"frm_checkbox\" id=\"frm_checkbox_7-0\"><label for=\"field_uojru-0\"><input type=\"checkbox\" name=\"item_meta[7][]\" id=\"field_uojru-0\" value=\"Sert Mukavva Kutu\"  data-invmsg=\"Kutu is invalid\" aria-invalid=\"false\"   \/> Sert Mukavva Kutu<\/label><\/div>\n\t\t<div class=\"frm_checkbox\" id=\"frm_checkbox_7-1\"><label for=\"field_uojru-1\"><input type=\"checkbox\" name=\"item_meta[7][]\" id=\"field_uojru-1\" value=\"Karton Kutu\"  data-invmsg=\"Kutu is invalid\" aria-invalid=\"false\"   \/> Karton Kutu<\/label><\/div>\n<\/div>\r\n    \r\n    \r\n<\/div>\n<div id=\"frm_field_6_container\" class=\"frm_form_field form-field  frm_right_container frm_half vertical_radio\">\r\n    <div  id=\"field_kfg67_label\" class=\"frm_primary_label\">Karton \u00c7anta\r\n        <span class=\"frm_required\" aria-hidden=\"true\"><\/span>\r\n    <\/div>\r\n    <div class=\"frm_opt_container\" aria-labelledby=\"field_kfg67_label\" role=\"group\">\t\t<div class=\"frm_checkbox\" id=\"frm_checkbox_6-0\"><label for=\"field_kfg67-0\"><input type=\"checkbox\" name=\"item_meta[6][]\" id=\"field_kfg67-0\" value=\"Bristol Karton \u00c7anta\"  data-invmsg=\"Karton \u00c7anta is invalid\" aria-invalid=\"false\"   \/> Bristol Karton \u00c7anta<\/label><\/div>\n\t\t<div class=\"frm_checkbox\" id=\"frm_checkbox_6-1\"><label for=\"field_kfg67-1\"><input type=\"checkbox\" name=\"item_meta[6][]\" id=\"field_kfg67-1\" value=\"Kraft \u00c7anta\"  data-invmsg=\"Karton \u00c7anta is invalid\" aria-invalid=\"false\"   \/> Kraft \u00c7anta<\/label><\/div>\n<\/div>\r\n    \r\n    \r\n<\/div>\n<div id=\"frm_field_9_container\" class=\"frm_form_field form-field  frm_top_container frm6 frm6 frm6  frm6 frm_first\">\r\n    <label for=\"field_v4t0l\" id=\"field_v4t0l_label\" class=\"frm_primary_label\">En\r\n        <span class=\"frm_required\" aria-hidden=\"true\"><\/span>\r\n    <\/label>\r\n    <input type=\"text\" id=\"field_v4t0l\" name=\"item_meta[9]\" value=\"\"  data-invmsg=\"Text is invalid\" aria-invalid=\"false\"  \/>\r\n    \r\n    \r\n<\/div>\n<div id=\"frm_field_12_container\" class=\"frm_form_field form-field  frm_top_container frm6 frm6\">\r\n    <label for=\"field_kiebh\" id=\"field_kiebh_label\" class=\"frm_primary_label\">Boy\r\n        <span class=\"frm_required\" aria-hidden=\"true\"><\/span>\r\n    <\/label>\r\n    <input type=\"text\" id=\"field_kiebh\" name=\"item_meta[12]\" value=\"\"  data-invmsg=\"Text is invalid\" aria-invalid=\"false\"  \/>\r\n    \r\n    \r\n<\/div>\n<div id=\"frm_field_13_container\" class=\"frm_form_field form-field  frm_top_container frm12  frm6 frm_first\">\r\n    <label for=\"field_zj00r\" id=\"field_zj00r_label\" class=\"frm_primary_label\">Y\u00fckseklik\r\n        <span class=\"frm_required\" aria-hidden=\"true\"><\/span>\r\n    <\/label>\r\n    <input type=\"text\" id=\"field_zj00r\" name=\"item_meta[13]\" value=\"\"  data-invmsg=\"Text is invalid\" aria-invalid=\"false\"  \/>\r\n    \r\n    \r\n<\/div>\n<div id=\"frm_field_14_container\" class=\"frm_form_field form-field  frm_top_container frm6\">\r\n    <label for=\"field_gtg7x\" id=\"field_gtg7x_label\" class=\"frm_primary_label\">\u00c7anta \u0130\u00e7in K\u00f6r\u00fck\r\n        <span class=\"frm_required\" aria-hidden=\"true\"><\/span>\r\n    <\/label>\r\n    <input type=\"text\" id=\"field_gtg7x\" name=\"item_meta[14]\" value=\"\"  data-invmsg=\"Text is invalid\" aria-invalid=\"false\"  \/>\r\n    \r\n    \r\n<\/div>\n<div id=\"frm_field_15_container\" class=\"frm_form_field form-field  frm_top_container frm3 frm_first\">\r\n    <label for=\"field_259u8\" id=\"field_259u8_label\" class=\"frm_primary_label\">Yald\u0131z\r\n        <span class=\"frm_required\" aria-hidden=\"true\"><\/span>\r\n    <\/label>\r\n    \t\t<select name=\"item_meta[15]\" id=\"field_259u8\"  data-invmsg=\"Yald\u0131z is invalid\" aria-invalid=\"false\"  >\n\t\t\t\t<option  value=\"Yok\">\n\t\t\tYok\t\t<\/option>\n\t\t\t\t<option  value=\"Pantone Yald\u0131z\">\n\t\t\tPantone Yald\u0131z\t\t<\/option>\n\t\t\t\t<option  value=\"Varak Yald\u0131z\">\n\t\t\tVarak Yald\u0131z\t\t<\/option>\n\t\t\t<\/select>\n\t\r\n    \r\n    \r\n<\/div>\n<div id=\"frm_field_17_container\" class=\"frm_form_field form-field  frm_top_container frm6 frm3 vertical_radio\">\r\n    <div  id=\"field_swan3_label\" class=\"frm_primary_label\">Yald\u0131z Renk\r\n        <span class=\"frm_required\" aria-hidden=\"true\"><\/span>\r\n    <\/div>\r\n    <div class=\"frm_opt_container\" aria-labelledby=\"field_swan3_label\" role=\"group\">\t\t<div class=\"frm_checkbox\" id=\"frm_checkbox_17-0\"><label for=\"field_swan3-0\"><input type=\"checkbox\" name=\"item_meta[17][]\" id=\"field_swan3-0\" value=\"Alt\u0131n\"  data-invmsg=\"Yald\u0131z Renk is invalid\" aria-invalid=\"false\"   \/> Alt\u0131n<\/label><\/div>\n\t\t<div class=\"frm_checkbox\" id=\"frm_checkbox_17-1\"><label for=\"field_swan3-1\"><input type=\"checkbox\" name=\"item_meta[17][]\" id=\"field_swan3-1\" value=\"G\u00fcm\u00fc\u015f\"  data-invmsg=\"Yald\u0131z Renk is invalid\" aria-invalid=\"false\"   \/> G\u00fcm\u00fc\u015f<\/label><\/div>\n\t\t<div class=\"frm_checkbox\" id=\"frm_checkbox_17-2\"><label for=\"field_swan3-2\"><input type=\"checkbox\" name=\"item_meta[17][]\" id=\"field_swan3-2\" value=\"Bak\u0131r\"  data-invmsg=\"Yald\u0131z Renk is invalid\" aria-invalid=\"false\"   \/> Bak\u0131r<\/label><\/div>\n\t\t<div class=\"frm_checkbox\" id=\"frm_checkbox_17-3\"><label for=\"field_swan3-3\"><input type=\"checkbox\" name=\"item_meta[17][]\" id=\"field_swan3-3\" value=\"Di\u011fer\"  data-invmsg=\"Yald\u0131z Renk is invalid\" aria-invalid=\"false\"   \/> Di\u011fer<\/label><\/div>\n<\/div>\r\n    \r\n    \r\n<\/div>\n<div id=\"frm_field_26_container\" class=\"frm_form_field form-field  frm_top_container frm3 vertical_radio\">\r\n    <div  id=\"field_fgcba_label\" class=\"frm_primary_label\">Renk\r\n        <span class=\"frm_required\" aria-hidden=\"true\"><\/span>\r\n    <\/div>\r\n    <div class=\"frm_opt_container\" aria-labelledby=\"field_fgcba_label\" role=\"group\">\t\t<div class=\"frm_checkbox\" id=\"frm_checkbox_26-0\"><label for=\"field_fgcba-0\"><input type=\"checkbox\" name=\"item_meta[26][]\" id=\"field_fgcba-0\" value=\"Pantone\"  data-invmsg=\"Renk is invalid\" aria-invalid=\"false\"   \/> Pantone<\/label><\/div>\n\t\t<div class=\"frm_checkbox\" id=\"frm_checkbox_26-1\"><label for=\"field_fgcba-1\"><input type=\"checkbox\" name=\"item_meta[26][]\" id=\"field_fgcba-1\" value=\"Trigromi\"  data-invmsg=\"Renk is invalid\" aria-invalid=\"false\"   \/> Trigromi<\/label><\/div>\n<\/div>\r\n    \r\n    \r\n<\/div>\n<div id=\"frm_field_19_container\" class=\"frm_form_field form-field  frm_top_container frm3\">\r\n    <label for=\"field_mvfby\" id=\"field_mvfby_label\" class=\"frm_primary_label\">Pantone Kod\r\n        <span class=\"frm_required\" aria-hidden=\"true\"><\/span>\r\n    <\/label>\r\n    <input type=\"text\" id=\"field_mvfby\" name=\"item_meta[19]\" value=\"\"  data-invmsg=\"Text is invalid\" aria-invalid=\"false\"  \/>\r\n    \r\n    \r\n<\/div>\n<div id=\"frm_field_21_container\" class=\"frm_form_field form-field  frm_top_container frm2\">\r\n    <label for=\"field_sqf3k\" id=\"field_sqf3k_label\" class=\"frm_primary_label\">Selofan\r\n        <span class=\"frm_required\" aria-hidden=\"true\"><\/span>\r\n    <\/label>\r\n    \t\t<select name=\"item_meta[21]\" id=\"field_sqf3k\"  data-invmsg=\"Selofan is invalid\" aria-invalid=\"false\"  >\n\t\t\t\t<option  value=\"Yok\">\n\t\t\tYok\t\t<\/option>\n\t\t\t\t<option  value=\"Parlak Selofan\">\n\t\t\tParlak Selofan\t\t<\/option>\n\t\t\t\t<option  value=\"Mat Selofan\">\n\t\t\tMat Selofan\t\t<\/option>\n\t\t\t<\/select>\n\t\r\n    \r\n    \r\n<\/div>\n<div id=\"frm_field_22_container\" class=\"frm_form_field form-field  frm_top_container\">\r\n    <label for=\"field_lb32o\" id=\"field_lb32o_label\" class=\"frm_primary_label\">Dosya Y\u00fckle (G\u00f6rsel veya Vekt\u00f6r pdf, png, jpg)\r\n        <span class=\"frm_required\" aria-hidden=\"true\"><\/span>\r\n    <\/label>\r\n    <input type=\"hidden\" name=\"item_meta[22][]\" value=\"\" data-frmfile=\"22\" \/>\n\n<div class=\"frm_dropzone frm_multi_upload frm_clearfix\" id=\"file22_dropzone\" aria-labelledby=\"field_lb32o_label\" role=\"group\">\n\t<div class=\"fallback\">\n\t\t<input type=\"file\" name=\"file22[]\" id=\"field_lb32o\"  data-frmfile=\"22\" multiple=\"multiple\"  data-invmsg=\"Dosya Y\u00fckle (G\u00f6rsel veya Vekt\u00f6r pdf, png, jpg) is invalid\" aria-invalid=\"false\"   \/>\n\t\t\t\t<div class=\"frm_clearfix \"><\/div>\n\t\t\n<div id=\"frm_loading\" style=\"display:none;background:url(http:\/\/www.modamatbaa.com\/wp-content\/plugins\/formidable-pro\/images\/grey_bg.png);\">\n<div id=\"frm_loading_content\">\n<h3>Uploading Files. Please Wait.<\/h3><div class=\"progress progress-striped active\">\n    <div class=\"progress-bar\" role=\"progressbar\" aria-valuenow=\"100\" aria-valuemin=\"0\" aria-valuemax=\"100\"><\/div>\n<\/div>\n<\/div>\n<\/div>\n\t<\/div>\n\t<div class=\"dz-message needsclick\">\n\t\t<span class=\"frm_icon_font frm_upload_icon\"><\/span>\n\t\t<span class=\"frm_upload_text\">Dosya Y\u00fckle<\/span>\n\t\t<span class=\"frm_compact_text\">Se\u00e7<\/span>\n\t\t<div class=\"frm_small_text\">\n\t\t\tMaximum upload size: 67.11MB\t\t<\/div>\n\t<\/div>\n<\/div>\n\r\n    \r\n    \r\n<\/div>\n<div id=\"frm_field_1_container\" class=\"frm_form_field form-field  frm_required_field frm_top_container frm_first frm_half\">\r\n    <label for=\"field_qh4icy\" id=\"field_qh4icy_label\" class=\"frm_primary_label\">Ad\r\n        <span class=\"frm_required\" aria-hidden=\"true\">*<\/span>\r\n    <\/label>\r\n    <input type=\"text\" id=\"field_qh4icy\" name=\"item_meta[1]\" value=\"\"  data-reqmsg=\"This field cannot be blank.\" aria-required=\"true\" data-invmsg=\"Name is invalid\" aria-invalid=\"false\"   aria-describedby=\"frm_desc_field_qh4icy\"\/>\r\n    <div class=\"frm_description\" id=\"frm_desc_field_qh4icy\">First<\/div>\r\n    \r\n<\/div>\n<div id=\"frm_field_2_container\" class=\"frm_form_field form-field  frm_required_field frm_hidden_container frm_half\">\r\n    <label for=\"field_ocfup1\" id=\"field_ocfup1_label\" class=\"frm_primary_label\">Soyad\r\n        <span class=\"frm_required\" aria-hidden=\"true\">*<\/span>\r\n    <\/label>\r\n    <input type=\"text\" id=\"field_ocfup1\" name=\"item_meta[2]\" value=\"\"  data-reqmsg=\"This field cannot be blank.\" aria-required=\"true\" data-invmsg=\"Last is invalid\" aria-invalid=\"false\"   aria-describedby=\"frm_desc_field_ocfup1\"\/>\r\n    <div class=\"frm_description\" id=\"frm_desc_field_ocfup1\">Last<\/div>\r\n    \r\n<\/div>\n<div id=\"frm_field_3_container\" class=\"frm_form_field form-field  frm_required_field frm_top_container frm12 frm6 frm_first\">\r\n    <label for=\"field_29yf4d\" id=\"field_29yf4d_label\" class=\"frm_primary_label\">Email\r\n        <span class=\"frm_required\" aria-hidden=\"true\">*<\/span>\r\n    <\/label>\r\n    <input type=\"email\" id=\"field_29yf4d\" name=\"item_meta[3]\" value=\"\"  data-reqmsg=\"This field cannot be blank.\" aria-required=\"true\" data-invmsg=\"Please enter a valid email address\" aria-invalid=\"false\"  \/>\r\n    \r\n    \r\n<\/div>\n<div id=\"frm_field_27_container\" class=\"frm_form_field form-field  frm_top_container frm6\">\r\n    <label for=\"field_8acjs\" id=\"field_8acjs_label\" class=\"frm_primary_label\">Telefon\r\n        <span class=\"frm_required\" aria-hidden=\"true\"><\/span>\r\n    <\/label>\r\n    <input type=\"tel\" id=\"field_8acjs\" name=\"item_meta[27]\" value=\"\"  data-invmsg=\"Phone is invalid\" aria-invalid=\"false\" pattern=\"((\\+\\d{1,3}(-|.| )?\\(?\\d\\)?(-| |.)?\\d{1,5})|(\\(?\\d{2,6}\\)?))(-|.| )?(\\d{3,4})(-|.| )?(\\d{4})(( x| ext)\\d{1,5}){0,1}$\"  \/>\r\n    \r\n    \r\n<\/div>\n<div id=\"frm_field_5_container\" class=\"frm_form_field form-field  frm_required_field frm_top_container frm_full\">\r\n    <label for=\"field_9jv0r1\" id=\"field_9jv0r1_label\" class=\"frm_primary_label\">Message\r\n        <span class=\"frm_required\" aria-hidden=\"true\">*<\/span>\r\n    <\/label>\r\n    <textarea name=\"item_meta[5]\" id=\"field_9jv0r1\" rows=\"5\"  data-reqmsg=\"This field cannot be blank.\" aria-required=\"true\" data-invmsg=\"Message is invalid\" aria-invalid=\"false\"  ><\/textarea>\r\n    \r\n    \r\n<\/div>\n<input type=\"hidden\" name=\"item_meta[29]\" id=\"field_6y3uo\" value=\"\" data-frmval=\"\"\/>\n\t<input type=\"hidden\" name=\"item_key\" value=\"\" \/>\n\t\t\t\t<div class=\"frm_verify\" aria-hidden=\"true\">\n\t\t\t\t<label for=\"frm_email_1\">\n\t\t\t\t\tIf you are human, leave this field blank.\t\t\t\t<\/label>\n\t\t\t\t<input type=\"text\" class=\"frm_verify\" id=\"frm_email_1\" name=\"frm_verify\" value=\"\"  \/>\n\t\t\t<\/div>\n\t\t<div class=\"frm_submit\">\r\n\r\n<button class=\"frm_button_submit frm_final_submit\" type=\"submit\"   formnovalidate=\"formnovalidate\">G\u00f6nder<\/button>\r\n\r\n\r\n<\/div><\/div>\n<\/fieldset>\n<\/div>\n<\/form>\n<\/div>\n","protected":false},"excerpt":{"rendered":"","protected":false},"author":1,"featured_media":0,"parent":0,"menu_order":0,"comment_status":"closed","ping_status":"closed","template":"","meta":[],"yoast_head":"<!-- This site is optimized with the Yoast SEO plugin v20.1 - https:\/\/yoast.com\/wordpress\/plugins\/seo\/ -->\n<title>Fiyat AL - Moda Matbaa<\/title>\n<meta name=\"robots\" content=\"index, follow, max-snippet:-1, max-image-preview:large, max-video-preview:-1\" \/>\n<link rel=\"canonical\" href=\"http:\/\/www.modamatbaa.com\/index.php\/contact\/\" \/>\n<meta property=\"og:locale\" content=\"tr_TR\" \/>\n<meta property=\"og:type\" content=\"article\" \/>\n<meta property=\"og:title\" content=\"Fiyat AL - Moda Matbaa\" \/>\n<meta property=\"og:url\" content=\"http:\/\/www.modamatbaa.com\/index.php\/contact\/\" \/>\n<meta property=\"og:site_name\" content=\"Moda Matbaa\" \/>\n<meta property=\"article:modified_time\" content=\"2023-02-26T21:43:53+00:00\" \/>\n<meta name=\"twitter:card\" content=\"summary_large_image\" \/>\n<meta name=\"twitter:label1\" content=\"Tahmini okuma s\u00fcresi\" \/>\n\t<meta name=\"twitter:data1\" content=\"1 dakika\" \/>\n<script type=\"application\/ld+json\" class=\"yoast-schema-graph\">{\"@context\":\"https:\/\/schema.org\",\"@graph\":[{\"@type\":\"WebPage\",\"@id\":\"http:\/\/www.modamatbaa.com\/index.php\/contact\/\",\"url\":\"http:\/\/www.modamatbaa.com\/index.php\/contact\/\",\"name\":\"Fiyat AL - Moda Matbaa\",\"isPartOf\":{\"@id\":\"https:\/\/www.modamatbaa.com\/#website\"},\"datePublished\":\"2017-01-02T08:30:09+00:00\",\"dateModified\":\"2023-02-26T21:43:53+00:00\",\"breadcrumb\":{\"@id\":\"http:\/\/www.modamatbaa.com\/index.php\/contact\/#breadcrumb\"},\"inLanguage\":\"tr\",\"potentialAction\":[{\"@type\":\"ReadAction\",\"target\":[\"http:\/\/www.modamatbaa.com\/index.php\/contact\/\"]}]},{\"@type\":\"BreadcrumbList\",\"@id\":\"http:\/\/www.modamatbaa.com\/index.php\/contact\/#breadcrumb\",\"itemListElement\":[{\"@type\":\"ListItem\",\"position\":1,\"name\":\"Anasayfa\",\"item\":\"https:\/\/www.modamatbaa.com\/\"},{\"@type\":\"ListItem\",\"position\":2,\"name\":\"Fiyat AL\"}]},{\"@type\":\"WebSite\",\"@id\":\"https:\/\/www.modamatbaa.com\/#website\",\"url\":\"https:\/\/www.modamatbaa.com\/\",\"name\":\"Moda Matbaa\",\"description\":\"Ambalaj &Uuml;retim Merkezi\",\"publisher\":{\"@id\":\"https:\/\/www.modamatbaa.com\/#organization\"},\"potentialAction\":[{\"@type\":\"SearchAction\",\"target\":{\"@type\":\"EntryPoint\",\"urlTemplate\":\"https:\/\/www.modamatbaa.com\/?s={search_term_string}\"},\"query-input\":\"required name=search_term_string\"}],\"inLanguage\":\"tr\"},{\"@type\":\"Organization\",\"@id\":\"https:\/\/www.modamatbaa.com\/#organization\",\"name\":\"Moda Matbaa\",\"url\":\"https:\/\/www.modamatbaa.com\/\",\"logo\":{\"@type\":\"ImageObject\",\"inLanguage\":\"tr\",\"@id\":\"https:\/\/www.modamatbaa.com\/#\/schema\/logo\/image\/\",\"url\":\"http:\/\/www.modamatbaa.com\/wp-content\/uploads\/2023\/02\/Logo.png\",\"contentUrl\":\"http:\/\/www.modamatbaa.com\/wp-content\/uploads\/2023\/02\/Logo.png\",\"width\":250,\"height\":100,\"caption\":\"Moda Matbaa\"},\"image\":{\"@id\":\"https:\/\/www.modamatbaa.com\/#\/schema\/logo\/image\/\"}}]}<\/script>\n<!-- \/ Yoast SEO plugin. -->","yoast_head_json":{"title":"Fiyat AL - Moda Matbaa","robots":{"index":"index","follow":"follow","max-snippet":"max-snippet:-1","max-image-preview":"max-image-preview:large","max-video-preview":"max-video-preview:-1"},"canonical":"http:\/\/www.modamatbaa.com\/index.php\/contact\/","og_locale":"tr_TR","og_type":"article","og_title":"Fiyat AL - Moda Matbaa","og_url":"http:\/\/www.modamatbaa.com\/index.php\/contact\/","og_site_name":"Moda Matbaa","article_modified_time":"2023-02-26T21:43:53+00:00","twitter_card":"summary_large_image","twitter_misc":{"Tahmini okuma s\u00fcresi":"1 dakika"},"schema":{"@context":"https:\/\/schema.org","@graph":[{"@type":"WebPage","@id":"http:\/\/www.modamatbaa.com\/index.php\/contact\/","url":"http:\/\/www.modamatbaa.com\/index.php\/contact\/","name":"Fiyat AL - Moda Matbaa","isPartOf":{"@id":"https:\/\/www.modamatbaa.com\/#website"},"datePublished":"2017-01-02T08:30:09+00:00","dateModified":"2023-02-26T21:43:53+00:00","breadcrumb":{"@id":"http:\/\/www.modamatbaa.com\/index.php\/contact\/#breadcrumb"},"inLanguage":"tr","potentialAction":[{"@type":"ReadAction","target":["http:\/\/www.modamatbaa.com\/index.php\/contact\/"]}]},{"@type":"BreadcrumbList","@id":"http:\/\/www.modamatbaa.com\/index.php\/contact\/#breadcrumb","itemListElement":[{"@type":"ListItem","position":1,"name":"Anasayfa","item":"https:\/\/www.modamatbaa.com\/"},{"@type":"ListItem","position":2,"name":"Fiyat AL"}]},{"@type":"WebSite","@id":"https:\/\/www.modamatbaa.com\/#website","url":"https:\/\/www.modamatbaa.com\/","name":"Moda Matbaa","description":"Ambalaj &Uuml;retim Merkezi","publisher":{"@id":"https:\/\/www.modamatbaa.com\/#organization"},"potentialAction":[{"@type":"SearchAction","target":{"@type":"EntryPoint","urlTemplate":"https:\/\/www.modamatbaa.com\/?s={search_term_string}"},"query-input":"required name=search_term_string"}],"inLanguage":"tr"},{"@type":"Organization","@id":"https:\/\/www.modamatbaa.com\/#organization","name":"Moda Matbaa","url":"https:\/\/www.modamatbaa.com\/","logo":{"@type":"ImageObject","inLanguage":"tr","@id":"https:\/\/www.modamatbaa.com\/#\/schema\/logo\/image\/","url":"http:\/\/www.modamatbaa.com\/wp-content\/uploads\/2023\/02\/Logo.png","contentUrl":"http:\/\/www.modamatbaa.com\/wp-content\/uploads\/2023\/02\/Logo.png","width":250,"height":100,"caption":"Moda Matbaa"},"image":{"@id":"https:\/\/www.modamatbaa.com\/#\/schema\/logo\/image\/"}}]}},"_links":{"self":[{"href":"http:\/\/www.modamatbaa.com\/index.php\/wp-json\/wp\/v2\/pages\/736"}],"collection":[{"href":"http:\/\/www.modamatbaa.com\/index.php\/wp-json\/wp\/v2\/pages"}],"about":[{"href":"http:\/\/www.modamatbaa.com\/index.php\/wp-json\/wp\/v2\/types\/page"}],"author":[{"embeddable":true,"href":"http:\/\/www.modamatbaa.com\/index.php\/wp-json\/wp\/v2\/users\/1"}],"replies":[{"embeddable":true,"href":"http:\/\/www.modamatbaa.com\/index.php\/wp-json\/wp\/v2\/comments?post=736"}],"version-history":[{"count":4,"href":"http:\/\/www.modamatbaa.com\/index.php\/wp-json\/wp\/v2\/pages\/736\/revisions"}],"predecessor-version":[{"id":867,"href":"http:\/\/www.modamatbaa.com\/index.php\/wp-json\/wp\/v2\/pages\/736\/revisions\/867"}],"wp:attachment":[{"href":"http:\/\/www.modamatbaa.com\/index.php\/wp-json\/wp\/v2\/media?parent=736"}],"curies":[{"name":"wp","href":"https:\/\/api.w.org\/{rel}","templated":true}]}}